{"id":138,"date":"2020-12-01T00:20:12","date_gmt":"2020-11-30T23:20:12","guid":{"rendered":"http:\/\/weldpol.net\/?page_id=138"},"modified":"2021-11-02T01:30:59","modified_gmt":"2021-11-02T00:30:59","slug":"galeria","status":"publish","type":"page","link":"https:\/\/weldpol.net\/index.php\/galeria\/","title":{"rendered":"Galeria"},"content":{"rendered":"\n<figure class=\"wp-block-gallery columns-4 is-cropped\">\n<ul class=\"blocks-gallery-grid\">\n<li class=\"blocks-gallery-item\">\n<figure>\n<a href=\"https:\/\/weldpol.net\/index.php\/balkony-francuskie-nierdzewne\/\">\n<img decoding=\"async\" width=\"485\" height=\"512\" data-src=\"https:\/\/weldpol.net\/wp-content\/uploads\/2020\/12\/IMG_2566-485x512.jpeg\" alt=\"\" data-id=\"1093\" data-full-url=\"https:\/\/weldpol.net\/wp-content\/uploads\/2020\/12\/IMG_2566.jpeg\" data-link=\"https:\/\/weldpol.net\/img_2566\/\" class=\"wp-image-1093 lazyload\" data-srcset=\"https:\/\/weldpol.net\/wp-content\/uploads\/2020\/12\/IMG_2566-485x512.jpeg 485w, https:\/\/weldpol.net\/wp-content\/uploads\/2020\/12\/IMG_2566-768x811.jpeg 768w, https:\/\/weldpol.net\/wp-content\/uploads\/2020\/12\/IMG_2566-970x1024.jpeg 970w, https:\/\/weldpol.net\/wp-content\/uploads\/2020\/12\/IMG_2566.jpeg 1338w\" data-sizes=\"(max-width: 485px) 100vw, 485px\" src=\"data:image\/svg+xml;base64,PHN2ZyB3aWR0aD0iMSIgaGVpZ2h0PSIxIiB4bWxucz0iaHR0cDovL3d3dy53My5vcmcvMjAwMC9zdmciPjwvc3ZnPg==\" style=\"--smush-placeholder-width: 485px; --smush-placeholder-aspect-ratio: 485\/512;\" \/>\n<\/a>\n<figcaption class=\"blocks-gallery-item__caption\">\nBalkony francuskie nierdzewne<\/figcaption>\n<\/figure>\n<\/li>\n<li class=\"blocks-gallery-item\">\n<figure>\n<a href=\"https:\/\/weldpol.net\/index.php\/balkony-francuskie-stalowe\/\">\n<img decoding=\"async\" width=\"512\" height=\"406\" data-src=\"https:\/\/weldpol.net\/wp-content\/uploads\/2020\/12\/IMG_0396-512x406.jpeg\" alt=\"\" data-id=\"1101\" data-full-url=\"https:\/\/weldpol.net\/wp-content\/uploads\/2020\/12\/IMG_0396.jpeg\" data-link=\"https:\/\/weldpol.net\/img_0396\/\" class=\"wp-image-1101 lazyload\" data-srcset=\"https:\/\/weldpol.net\/wp-content\/uploads\/2020\/12\/IMG_0396-512x406.jpeg 512w, https:\/\/weldpol.net\/wp-content\/uploads\/2020\/12\/IMG_0396-768x608.jpeg 768w, https:\/\/weldpol.net\/wp-content\/uploads\/2020\/12\/IMG_0396-1024x811.jpeg 1024w, https:\/\/weldpol.net\/wp-content\/uploads\/2020\/12\/IMG_0396-1536x1217.jpeg 1536w, https:\/\/weldpol.net\/wp-content\/uploads\/2020\/12\/IMG_0396.jpeg 1646w\" data-sizes=\"(max-width: 512px) 100vw, 512px\" src=\"data:image\/svg+xml;base64,PHN2ZyB3aWR0aD0iMSIgaGVpZ2h0PSIxIiB4bWxucz0iaHR0cDovL3d3dy53My5vcmcvMjAwMC9zdmciPjwvc3ZnPg==\" style=\"--smush-placeholder-width: 512px; --smush-placeholder-aspect-ratio: 512\/406;\" \/>\n<\/a>\n<figcaption class=\"blocks-gallery-item__caption\">\nBalkony francuskie stalowe<\/figcaption>\n<\/figure>\n<\/li>\n<li class=\"blocks-gallery-item\">\n<figure>\n<a href=\"https:\/\/weldpol.net\/index.php\/balustrady-nierdzewne\/\">\n<img decoding=\"async\" width=\"313\" height=\"512\" data-src=\"https:\/\/weldpol.net\/wp-content\/uploads\/2020\/12\/IMG_0906-313x512.jpeg\" alt=\"\" data-id=\"1102\" data-full-url=\"https:\/\/weldpol.net\/wp-content\/uploads\/2020\/12\/IMG_0906.jpeg\" data-link=\"https:\/\/weldpol.net\/img_0906\/\" class=\"wp-image-1102 lazyload\" data-srcset=\"https:\/\/weldpol.net\/wp-content\/uploads\/2020\/12\/IMG_0906-313x512.jpeg 313w, https:\/\/weldpol.net\/wp-content\/uploads\/2020\/12\/IMG_0906-768x1255.jpeg 768w, https:\/\/weldpol.net\/wp-content\/uploads\/2020\/12\/IMG_0906-627x1024.jpeg 627w, https:\/\/weldpol.net\/wp-content\/uploads\/2020\/12\/IMG_0906-940x1536.jpeg 940w, https:\/\/weldpol.net\/wp-content\/uploads\/2020\/12\/IMG_0906.jpeg 1195w\" data-sizes=\"(max-width: 313px) 100vw, 313px\" src=\"data:image\/svg+xml;base64,PHN2ZyB3aWR0aD0iMSIgaGVpZ2h0PSIxIiB4bWxucz0iaHR0cDovL3d3dy53My5vcmcvMjAwMC9zdmciPjwvc3ZnPg==\" style=\"--smush-placeholder-width: 313px; --smush-placeholder-aspect-ratio: 313\/512;\" \/>\n<\/a>\n<figcaption class=\"blocks-gallery-item__caption\">\nBalustrady nierdzewne<\/figcaption>\n<\/figure>\n<\/li>\n<li class=\"blocks-gallery-item\">\n<figure>\n<a href=\"https:\/\/weldpol.net\/index.php\/balustrady-stalowe\/\">\n<img decoding=\"async\" width=\"316\" height=\"512\" data-src=\"https:\/\/weldpol.net\/wp-content\/uploads\/2020\/12\/IMG_2616-316x512.jpeg\" alt=\"\" data-id=\"1153\" data-full-url=\"https:\/\/weldpol.net\/wp-content\/uploads\/2020\/12\/IMG_2616.jpeg\" data-link=\"https:\/\/weldpol.net\/img_2616\/\" class=\"wp-image-1153 lazyload\" data-srcset=\"https:\/\/weldpol.net\/wp-content\/uploads\/2020\/12\/IMG_2616-316x512.jpeg 316w, https:\/\/weldpol.net\/wp-content\/uploads\/2020\/12\/IMG_2616-768x1245.jpeg 768w, https:\/\/weldpol.net\/wp-content\/uploads\/2020\/12\/IMG_2616-632x1024.jpeg 632w, https:\/\/weldpol.net\/wp-content\/uploads\/2020\/12\/IMG_2616-947x1536.jpeg 947w, https:\/\/weldpol.net\/wp-content\/uploads\/2020\/12\/IMG_2616.jpeg 1263w\" data-sizes=\"(max-width: 316px) 100vw, 316px\" src=\"data:image\/svg+xml;base64,PHN2ZyB3aWR0aD0iMSIgaGVpZ2h0PSIxIiB4bWxucz0iaHR0cDovL3d3dy53My5vcmcvMjAwMC9zdmciPjwvc3ZnPg==\" style=\"--smush-placeholder-width: 316px; --smush-placeholder-aspect-ratio: 316\/512;\" \/>\n<\/a>\n<figcaption class=\"blocks-gallery-item__caption\">\nBalustrady stalowe<\/figcaption>\n<\/figure>\n<\/li>\n<li class=\"blocks-gallery-item\">\n<figure>\n<a href=\"https:\/\/weldpol.net\/index.php\/balustrady-szklane\/\">\n<img decoding=\"async\" width=\"326\" height=\"512\" data-src=\"https:\/\/weldpol.net\/wp-content\/uploads\/2020\/12\/IMG_20180628_202714-326x512.jpg\" alt=\"\" data-id=\"1159\" data-full-url=\"https:\/\/weldpol.net\/wp-content\/uploads\/2020\/12\/IMG_20180628_202714.jpg\" data-link=\"https:\/\/weldpol.net\/dav-19\/\" class=\"wp-image-1159 lazyload\" data-srcset=\"https:\/\/weldpol.net\/wp-content\/uploads\/2020\/12\/IMG_20180628_202714-326x512.jpg 326w, https:\/\/weldpol.net\/wp-content\/uploads\/2020\/12\/IMG_20180628_202714-768x1204.jpg 768w, https:\/\/weldpol.net\/wp-content\/uploads\/2020\/12\/IMG_20180628_202714-653x1024.jpg 653w, https:\/\/weldpol.net\/wp-content\/uploads\/2020\/12\/IMG_20180628_202714-979x1536.jpg 979w, https:\/\/weldpol.net\/wp-content\/uploads\/2020\/12\/IMG_20180628_202714.jpg 1246w\" data-sizes=\"(max-width: 326px) 100vw, 326px\" src=\"data:image\/svg+xml;base64,PHN2ZyB3aWR0aD0iMSIgaGVpZ2h0PSIxIiB4bWxucz0iaHR0cDovL3d3dy53My5vcmcvMjAwMC9zdmciPjwvc3ZnPg==\" style=\"--smush-placeholder-width: 326px; --smush-placeholder-aspect-ratio: 326\/512;\" \/>\n<\/a>\n<figcaption class=\"blocks-gallery-item__caption\">\nBalustrady szklane<\/figcaption>\n<\/figure>\n<\/li>\n<li class=\"blocks-gallery-item\">\n<figure>\n<a href=\"https:\/\/weldpol.net\/index.php\/bramy-dwuskrzydlowe\/\">\n<img decoding=\"async\" width=\"512\" height=\"317\" data-src=\"https:\/\/weldpol.net\/wp-content\/uploads\/2020\/12\/IMG_0626-e1608489282272-512x317.jpeg\" alt=\"\" data-id=\"1168\" data-full-url=\"https:\/\/weldpol.net\/wp-content\/uploads\/2020\/12\/IMG_0626-e1608489282272.jpeg\" data-link=\"https:\/\/weldpol.net\/img_0626\/\" class=\"wp-image-1168 lazyload\" data-srcset=\"https:\/\/weldpol.net\/wp-content\/uploads\/2020\/12\/IMG_0626-e1608489282272-512x317.jpeg 512w, https:\/\/weldpol.net\/wp-content\/uploads\/2020\/12\/IMG_0626-e1608489282272-768x475.jpeg 768w, https:\/\/weldpol.net\/wp-content\/uploads\/2020\/12\/IMG_0626-e1608489282272-1024x633.jpeg 1024w, https:\/\/weldpol.net\/wp-content\/uploads\/2020\/12\/IMG_0626-e1608489282272-1536x950.jpeg 1536w, https:\/\/weldpol.net\/wp-content\/uploads\/2020\/12\/IMG_0626-e1608489282272.jpeg 1557w\" data-sizes=\"(max-width: 512px) 100vw, 512px\" src=\"data:image\/svg+xml;base64,PHN2ZyB3aWR0aD0iMSIgaGVpZ2h0PSIxIiB4bWxucz0iaHR0cDovL3d3dy53My5vcmcvMjAwMC9zdmciPjwvc3ZnPg==\" style=\"--smush-placeholder-width: 512px; --smush-placeholder-aspect-ratio: 512\/317;\" \/>\n<\/a>\n<figcaption class=\"blocks-gallery-item__caption\">\nBramy dwuskrzyd\u0142owe<\/figcaption>\n<\/figure>\n<\/li>\n<li class=\"blocks-gallery-item\">\n<figure>\n<a href=\"https:\/\/weldpol.net\/index.php\/bramy-przesuwne\/\">\n<img decoding=\"async\" width=\"512\" height=\"326\" data-src=\"https:\/\/weldpol.net\/wp-content\/uploads\/2020\/12\/IMG_0888-512x326.jpeg\" alt=\"\" data-id=\"1180\" data-full-url=\"https:\/\/weldpol.net\/wp-content\/uploads\/2020\/12\/IMG_0888.jpeg\" data-link=\"https:\/\/weldpol.net\/img_0888\/\" class=\"wp-image-1180 lazyload\" data-srcset=\"https:\/\/weldpol.net\/wp-content\/uploads\/2020\/12\/IMG_0888-512x326.jpeg 512w, https:\/\/weldpol.net\/wp-content\/uploads\/2020\/12\/IMG_0888-768x489.jpeg 768w, https:\/\/weldpol.net\/wp-content\/uploads\/2020\/12\/IMG_0888-1024x652.jpeg 1024w, https:\/\/weldpol.net\/wp-content\/uploads\/2020\/12\/IMG_0888-1536x978.jpeg 1536w, https:\/\/weldpol.net\/wp-content\/uploads\/2020\/12\/IMG_0888.jpeg 1661w\" data-sizes=\"(max-width: 512px) 100vw, 512px\" src=\"data:image\/svg+xml;base64,PHN2ZyB3aWR0aD0iMSIgaGVpZ2h0PSIxIiB4bWxucz0iaHR0cDovL3d3dy53My5vcmcvMjAwMC9zdmciPjwvc3ZnPg==\" style=\"--smush-placeholder-width: 512px; --smush-placeholder-aspect-ratio: 512\/326;\" \/>\n<\/a>\n<figcaption class=\"blocks-gallery-item__caption\">\nBramy przesuwne<\/figcaption>\n<\/figure>\n<\/li>\n<li class=\"blocks-gallery-item\">\n<figure>\n<a href=\"https:\/\/weldpol.net\/index.php\/konstrukcje-stalowe\/\">\n<img decoding=\"async\" width=\"512\" height=\"304\" data-src=\"https:\/\/weldpol.net\/wp-content\/uploads\/2020\/12\/IMG_1206-512x304.jpeg\" alt=\"\" data-id=\"1247\" data-full-url=\"https:\/\/weldpol.net\/wp-content\/uploads\/2020\/12\/IMG_1206.jpeg\" data-link=\"https:\/\/weldpol.net\/img_1206\/\" class=\"wp-image-1247 lazyload\" data-srcset=\"https:\/\/weldpol.net\/wp-content\/uploads\/2020\/12\/IMG_1206-512x304.jpeg 512w, https:\/\/weldpol.net\/wp-content\/uploads\/2020\/12\/IMG_1206-768x456.jpeg 768w, https:\/\/weldpol.net\/wp-content\/uploads\/2020\/12\/IMG_1206-1024x609.jpeg 1024w, https:\/\/weldpol.net\/wp-content\/uploads\/2020\/12\/IMG_1206-1536x913.jpeg 1536w, https:\/\/weldpol.net\/wp-content\/uploads\/2020\/12\/IMG_1206.jpeg 1962w\" data-sizes=\"(max-width: 512px) 100vw, 512px\" src=\"data:image\/svg+xml;base64,PHN2ZyB3aWR0aD0iMSIgaGVpZ2h0PSIxIiB4bWxucz0iaHR0cDovL3d3dy53My5vcmcvMjAwMC9zdmciPjwvc3ZnPg==\" style=\"--smush-placeholder-width: 512px; --smush-placeholder-aspect-ratio: 512\/304;\" \/>\n<\/a>\n<figcaption class=\"blocks-gallery-item__caption\">\nKonstrukcje stalowe<\/figcaption>\n<\/figure>\n<\/li>\n<li class=\"blocks-gallery-item\">\n<figure>\n<a href=\"https:\/\/weldpol.net\/index.php\/przesla-ogrodzeniowe\/\">\n<img decoding=\"async\" width=\"512\" height=\"384\" data-src=\"https:\/\/weldpol.net\/wp-content\/uploads\/2020\/12\/IMG_20180721_151109-512x384.jpg\" alt=\"\" data-id=\"1259\" data-full-url=\"https:\/\/weldpol.net\/wp-content\/uploads\/2020\/12\/IMG_20180721_151109.jpg\" data-link=\"https:\/\/weldpol.net\/dav-30\/\" class=\"wp-image-1259 lazyload\" data-srcset=\"https:\/\/weldpol.net\/wp-content\/uploads\/2020\/12\/IMG_20180721_151109-512x384.jpg 512w, https:\/\/weldpol.net\/wp-content\/uploads\/2020\/12\/IMG_20180721_151109-768x576.jpg 768w, https:\/\/weldpol.net\/wp-content\/uploads\/2020\/12\/IMG_20180721_151109-1024x768.jpg 1024w, https:\/\/weldpol.net\/wp-content\/uploads\/2020\/12\/IMG_20180721_151109-1536x1152.jpg 1536w, https:\/\/weldpol.net\/wp-content\/uploads\/2020\/12\/IMG_20180721_151109.jpg 1787w\" data-sizes=\"(max-width: 512px) 100vw, 512px\" src=\"data:image\/svg+xml;base64,PHN2ZyB3aWR0aD0iMSIgaGVpZ2h0PSIxIiB4bWxucz0iaHR0cDovL3d3dy53My5vcmcvMjAwMC9zdmciPjwvc3ZnPg==\" style=\"--smush-placeholder-width: 512px; --smush-placeholder-aspect-ratio: 512\/384;\" \/>\n<\/a>\n<figcaption class=\"blocks-gallery-item__caption\">\nPrz\u0119s\u0142a ogrodzeniowe<\/figcaption>\n<\/figure>\n<\/li>\n<li class=\"blocks-gallery-item\">\n<figure>\n<a href=\"https:\/\/weldpol.net\/index.php\/schody\/\">\n<img decoding=\"async\" width=\"384\" height=\"512\" data-src=\"https:\/\/weldpol.net\/wp-content\/uploads\/2021\/06\/image_67189505-384x512.jpg\" alt=\"\" data-id=\"1730\" data-full-url=\"https:\/\/weldpol.net\/wp-content\/uploads\/2021\/06\/image_67189505.jpg\" data-link=\"https:\/\/weldpol.net\/image_67189505\/\" class=\"wp-image-1730 lazyload\" data-srcset=\"https:\/\/weldpol.net\/wp-content\/uploads\/2021\/06\/image_67189505-384x512.jpg 384w, https:\/\/weldpol.net\/wp-content\/uploads\/2021\/06\/image_67189505-768x1024.jpg 768w, https:\/\/weldpol.net\/wp-content\/uploads\/2021\/06\/image_67189505-1152x1536.jpg 1152w, https:\/\/weldpol.net\/wp-content\/uploads\/2021\/06\/image_67189505.jpg 1376w\" data-sizes=\"(max-width: 384px) 100vw, 384px\" src=\"data:image\/svg+xml;base64,PHN2ZyB3aWR0aD0iMSIgaGVpZ2h0PSIxIiB4bWxucz0iaHR0cDovL3d3dy53My5vcmcvMjAwMC9zdmciPjwvc3ZnPg==\" style=\"--smush-placeholder-width: 384px; --smush-placeholder-aspect-ratio: 384\/512;\" \/>\n<\/a>\n<figcaption class=\"blocks-gallery-item__caption\">\nSchody<\/figcaption>\n<\/figure>\n<\/li>\n<li class=\"blocks-gallery-item\">\n<figure>\n<a href=\"https:\/\/weldpol.net\/index.php\/inne\/\">\n<img decoding=\"async\" width=\"416\" height=\"512\" data-src=\"https:\/\/weldpol.net\/wp-content\/uploads\/2020\/12\/IMG_1149-416x512.jpeg\" alt=\"\" data-id=\"1208\" data-full-url=\"https:\/\/weldpol.net\/wp-content\/uploads\/2020\/12\/IMG_1149.jpeg\" data-link=\"https:\/\/weldpol.net\/img_1149\/\" class=\"wp-image-1208 lazyload\" data-srcset=\"https:\/\/weldpol.net\/wp-content\/uploads\/2020\/12\/IMG_1149-416x512.jpeg 416w, https:\/\/weldpol.net\/wp-content\/uploads\/2020\/12\/IMG_1149-768x945.jpeg 768w, https:\/\/weldpol.net\/wp-content\/uploads\/2020\/12\/IMG_1149-832x1024.jpeg 832w, https:\/\/weldpol.net\/wp-content\/uploads\/2020\/12\/IMG_1149-1248x1536.jpeg 1248w, https:\/\/weldpol.net\/wp-content\/uploads\/2020\/12\/IMG_1149.jpeg 1407w\" data-sizes=\"(max-width: 416px) 100vw, 416px\" src=\"data:image\/svg+xml;base64,PHN2ZyB3aWR0aD0iMSIgaGVpZ2h0PSIxIiB4bWxucz0iaHR0cDovL3d3dy53My5vcmcvMjAwMC9zdmciPjwvc3ZnPg==\" style=\"--smush-placeholder-width: 416px; --smush-placeholder-aspect-ratio: 416\/512;\" \/>\n<\/a>\n<figcaption class=\"blocks-gallery-item__caption\">\nInne<\/figcaption>\n<\/figure>\n<\/li>\n<\/ul>\n<\/figure>\n\n","protected":false},"excerpt":{"rendered":"<p>Balkony francuskie nierdzewne Balkony francuskie stalowe Balustrady nierdzewne Balustrady stalowe Balustrady szklane Bramy dwuskrzyd\u0142owe Bramy przesuwne Konstrukcje stalowe Prz\u0119s\u0142a ogrodzeniowe Schody Inne<\/p>\n","protected":false},"author":1,"featured_media":0,"parent":0,"menu_order":0,"comment_status":"closed","ping_status":"closed","template":"","meta":{"neve_meta_sidebar":"full-width","neve_meta_container":"default","neve_meta_enable_content_width":"on","neve_meta_content_width":100,"neve_meta_title_alignment":"","neve_meta_author_avatar":"","neve_post_elements_order":"","neve_meta_disable_header":"","neve_meta_disable_footer":"off","neve_meta_disable_title":"off","ngg_post_thumbnail":0,"_themeisle_gutenberg_block_has_review":false,"footnotes":""},"class_list":["post-138","page","type-page","status-publish","hentry"],"aioseo_notices":[],"_links":{"self":[{"href":"https:\/\/weldpol.net\/index.php\/wp-json\/wp\/v2\/pages\/138","targetHints":{"allow":["GET"]}}],"collection":[{"href":"https:\/\/weldpol.net\/index.php\/wp-json\/wp\/v2\/pages"}],"about":[{"href":"https:\/\/weldpol.net\/index.php\/wp-json\/wp\/v2\/types\/page"}],"author":[{"embeddable":true,"href":"https:\/\/weldpol.net\/index.php\/wp-json\/wp\/v2\/users\/1"}],"replies":[{"embeddable":true,"href":"https:\/\/weldpol.net\/index.php\/wp-json\/wp\/v2\/comments?post=138"}],"version-history":[{"count":152,"href":"https:\/\/weldpol.net\/index.php\/wp-json\/wp\/v2\/pages\/138\/revisions"}],"predecessor-version":[{"id":1841,"href":"https:\/\/weldpol.net\/index.php\/wp-json\/wp\/v2\/pages\/138\/revisions\/1841"}],"wp:attachment":[{"href":"https:\/\/weldpol.net\/index.php\/wp-json\/wp\/v2\/media?parent=138"}],"curies":[{"name":"wp","href":"https:\/\/api.w.org\/{rel}","templated":true}]}}